{"id":15361,"date":"2023-05-03T11:01:09","date_gmt":"2023-05-03T10:01:09","guid":{"rendered":"https:\/\/axkid.com\/?post_type=product&#038;p=15361"},"modified":"2026-04-06T16:28:24","modified_gmt":"2026-04-06T15:28:24","slug":"one-ramskydd","status":"publish","type":"product","link":"https:\/\/axkid.com\/sv\/product\/one-ramskydd\/","title":{"rendered":"ONE Ramskydd"},"content":{"rendered":"<p>The Axkid ONE \/ ONE 2 frame cover can be fitted over the metal frame of the Axkid ONE, ONE+, ONE 2 and ONE+ 2. It is useful both on hot and cold days particularly when a child uses the frame to help climb themselves into the seat. Note: Sold in singles. You will need to add two to your basket for a pair.<\/p>\n","protected":false},"excerpt":{"rendered":"<p>Axkid ONE \/ ONE 2-ramskydd kan monteras \u00f6ver metallramen p\u00e5 Axkid ONE, ONE+, ONE 2 och ONE+ 2. Det \u00e4r anv\u00e4ndbart b\u00e5de p\u00e5 varma och kalla dagar, s\u00e4rskilt n\u00e4r ett barn anv\u00e4nder ramen f\u00f6r att kl\u00e4ttra in i s\u00e4tet. Observera: S\u00e4ljs styckvis. F\u00f6r ett par, l\u00e4gg till tv\u00e5 i din kundvagn.<\/p>\n","protected":false},"featured_media":15363,"comment_status":"closed","ping_status":"closed","template":"","meta":{"_acf_changed":false,"_seopress_robots_primary_cat":"375","_seopress_titles_title":"ONE Ramskydd | AXKID","_seopress_titles_desc":"Axkid ONE \/ ONE 2-ramskydd kan monteras \u00f6ver metallramen p\u00e5 Axkid ONE, ONE+, ONE 2 och ONE+ 2.","_seopress_robots_index":"","content-type":"","_relevanssi_hide_post":"","_relevanssi_hide_content":"","_relevanssi_pin_for_all":"","_relevanssi_pin_keywords":"","_relevanssi_unpin_keywords":"","_relevanssi_related_keywords":"","_relevanssi_related_include_ids":"","_relevanssi_related_exclude_ids":"","_relevanssi_related_no_append":"","_relevanssi_related_not_related":"","_relevanssi_related_posts":"","_relevanssi_noindex_reason":"","editor_notices":[]},"product_brand":[],"product_cat":[375,17],"product_tag":[],"class_list":{"0":"post-15361","1":"product","2":"type-product","3":"status-publish","4":"has-post-thumbnail","6":"product_cat-ovrigt-reservdelar","7":"product_cat-tillbehor","9":"first","10":"instock","11":"taxable","12":"shipping-taxable","13":"purchasable","14":"product-type-simple"},"bundled_by":[],"bundle_stock_status":"instock","bundle_stock_quantity":1,"bundle_virtual":false,"bundle_layout":"","bundle_add_to_cart_form_location":"","bundle_editable_in_cart":false,"bundle_sold_individually_context":"","bundle_item_grouping":"","bundle_min_size":"","bundle_max_size":"","bundle_price":[],"bundled_items":[],"bundle_sell_ids":[],"acf":[],"jetpack_sharing_enabled":true,"_links":{"self":[{"href":"https:\/\/axkid.com\/sv\/wp-json\/wp\/v2\/product\/15361","targetHints":{"allow":["GET"]}}],"collection":[{"href":"https:\/\/axkid.com\/sv\/wp-json\/wp\/v2\/product"}],"about":[{"href":"https:\/\/axkid.com\/sv\/wp-json\/wp\/v2\/types\/product"}],"replies":[{"embeddable":true,"href":"https:\/\/axkid.com\/sv\/wp-json\/wp\/v2\/comments?post=15361"}],"wp:featuredmedia":[{"embeddable":true,"href":"https:\/\/axkid.com\/sv\/wp-json\/wp\/v2\/media\/15363"}],"wp:attachment":[{"href":"https:\/\/axkid.com\/sv\/wp-json\/wp\/v2\/media?parent=15361"}],"wp:term":[{"taxonomy":"product_brand","embeddable":true,"href":"https:\/\/axkid.com\/sv\/wp-json\/wp\/v2\/product_brand?post=15361"},{"taxonomy":"product_cat","embeddable":true,"href":"https:\/\/axkid.com\/sv\/wp-json\/wp\/v2\/product_cat?post=15361"},{"taxonomy":"product_tag","embeddable":true,"href":"https:\/\/axkid.com\/sv\/wp-json\/wp\/v2\/product_tag?post=15361"}],"curies":[{"name":"wp","href":"https:\/\/api.w.org\/{rel}","templated":true}]}}