{"id":15382,"date":"2023-05-03T10:53:15","date_gmt":"2023-05-03T09:53:15","guid":{"rendered":"https:\/\/axkid.com\/?post_type=product&#038;p=15382"},"modified":"2026-04-25T13:03:17","modified_gmt":"2026-04-25T12:03:17","slug":"minikid-baltesmuddar","status":"publish","type":"product","link":"https:\/\/axkid.com\/sv\/product\/minikid-baltesmuddar\/","title":{"rendered":"Minikid B\u00e4ltesmuddar"},"content":{"rendered":"<p>Axkid Minikid 1&amp;2 shoulder strap covers fit your Axkid Minikid car seat.<\/p>\n","protected":false},"excerpt":{"rendered":"<p>Minikid 1 och 2 b\u00e4ltesmuddar \u00e4r utformade f\u00f6r att ge extra komfort och skydd f\u00f6r ditt barn. Dessa muddar passar perfekt p\u00e5 din Minikid bilbarnstol och hj\u00e4lper till att f\u00f6rhindra skav och irritation fr\u00e5n den interna selen. De \u00e4r enkla att f\u00e4sta och ta av, vilket g\u00f6r dem praktiska att tv\u00e4tta och underh\u00e5lla.<\/p>\n","protected":false},"featured_media":15397,"comment_status":"closed","ping_status":"closed","template":"","meta":{"_acf_changed":false,"_seopress_robots_primary_cat":"435","_seopress_titles_title":"Minikid 1 & 2 b\u00e4ltesmuddar | AXKID","_seopress_titles_desc":"Dessa muddar passar perfekt p\u00e5 din Minikid bilbarnstol och hj\u00e4lper till att f\u00f6rhindra skav och irritation fr\u00e5n den interna selen.","_seopress_robots_index":"","content-type":"","_relevanssi_hide_post":"","_relevanssi_hide_content":"","_relevanssi_pin_for_all":"","_relevanssi_pin_keywords":"","_relevanssi_unpin_keywords":"","_relevanssi_related_keywords":"","_relevanssi_related_include_ids":"","_relevanssi_related_exclude_ids":"","_relevanssi_related_no_append":"","_relevanssi_related_not_related":"","_relevanssi_related_posts":"","_relevanssi_noindex_reason":"","editor_notices":[]},"product_brand":[],"product_cat":[375,435],"product_tag":[],"class_list":{"0":"post-15382","1":"product","2":"type-product","3":"status-publish","4":"has-post-thumbnail","6":"product_cat-ovrigt-reservdelar","7":"product_cat-spadbarnsinlagg-dynor","9":"first","10":"instock","11":"sale","12":"taxable","13":"shipping-taxable","14":"purchasable","15":"product-type-variable","16":"has-default-attributes"},"bundled_by":[],"bundle_stock_status":"instock","bundle_stock_quantity":null,"bundle_virtual":false,"bundle_layout":"","bundle_add_to_cart_form_location":"","bundle_editable_in_cart":false,"bundle_sold_individually_context":"","bundle_item_grouping":"","bundle_min_size":"","bundle_max_size":"","bundle_price":[],"bundled_items":[],"bundle_sell_ids":[],"acf":[],"jetpack_sharing_enabled":true,"_links":{"self":[{"href":"https:\/\/axkid.com\/sv\/wp-json\/wp\/v2\/product\/15382","targetHints":{"allow":["GET"]}}],"collection":[{"href":"https:\/\/axkid.com\/sv\/wp-json\/wp\/v2\/product"}],"about":[{"href":"https:\/\/axkid.com\/sv\/wp-json\/wp\/v2\/types\/product"}],"replies":[{"embeddable":true,"href":"https:\/\/axkid.com\/sv\/wp-json\/wp\/v2\/comments?post=15382"}],"wp:featuredmedia":[{"embeddable":true,"href":"https:\/\/axkid.com\/sv\/wp-json\/wp\/v2\/media\/15397"}],"wp:attachment":[{"href":"https:\/\/axkid.com\/sv\/wp-json\/wp\/v2\/media?parent=15382"}],"wp:term":[{"taxonomy":"product_brand","embeddable":true,"href":"https:\/\/axkid.com\/sv\/wp-json\/wp\/v2\/product_brand?post=15382"},{"taxonomy":"product_cat","embeddable":true,"href":"https:\/\/axkid.com\/sv\/wp-json\/wp\/v2\/product_cat?post=15382"},{"taxonomy":"product_tag","embeddable":true,"href":"https:\/\/axkid.com\/sv\/wp-json\/wp\/v2\/product_tag?post=15382"}],"curies":[{"name":"wp","href":"https:\/\/api.w.org\/{rel}","templated":true}]}}