{"id":15633,"date":"2024-09-27T13:15:33","date_gmt":"2024-09-27T12:15:33","guid":{"rendered":"https:\/\/axkid.com\/?post_type=product&#038;p=15633"},"modified":"2026-04-28T19:59:00","modified_gmt":"2026-04-28T18:59:00","slug":"nextkid","status":"publish","type":"product","link":"https:\/\/axkid.com\/sv\/product\/nextkid\/","title":{"rendered":"Nextkid"},"content":{"rendered":"","protected":false},"excerpt":{"rendered":"<p>Nextkid erbjuder en s\u00e4ker och bekv\u00e4m b\u00e4ltesstol med h\u00f6g rygg som v\u00e4xer med ditt barn. Den har justerbara sidovingar, nackst\u00f6d och mjuka premiumtextilier f\u00f6r optimal komfort och s\u00e4kerhet. Enkel installation och certifierad upp till 150 cm.<\/p>\n","protected":false},"featured_media":370000022475,"comment_status":"open","ping_status":"closed","template":"","meta":{"_acf_changed":false,"_seopress_robots_primary_cat":"81","_seopress_titles_title":"","_seopress_titles_desc":"Nextkid erbjuder en s\u00e4ker och bekv\u00e4m b\u00e4ltesstol med h\u00f6g rygg som v\u00e4xer med ditt barn. Justerbara sidovingar, nackst\u00f6d och premiumtextilier.","_seopress_robots_index":"","content-type":"","_relevanssi_hide_post":"","_relevanssi_hide_content":"","_relevanssi_pin_for_all":"","_relevanssi_pin_keywords":"","_relevanssi_unpin_keywords":"","_relevanssi_related_keywords":"","_relevanssi_related_include_ids":"","_relevanssi_related_exclude_ids":"","_relevanssi_related_no_append":"","_relevanssi_related_not_related":"","_relevanssi_related_posts":"","_relevanssi_noindex_reason":"","editor_notices":[]},"product_brand":[],"product_cat":[18,81,412],"product_tag":[],"class_list":{"0":"post-15633","1":"product","2":"type-product","3":"status-publish","4":"has-post-thumbnail","6":"product_cat-bilbarnstolar","7":"product_cat-baltesstolar","8":"product_cat-outlet","10":"first","11":"instock","12":"sale","13":"taxable","14":"shipping-taxable","15":"purchasable","16":"product-type-variable","17":"has-default-attributes"},"bundled_by":["1307774","1312202","1312205"],"bundle_stock_status":"instock","bundle_stock_quantity":null,"bundle_virtual":false,"bundle_layout":"","bundle_add_to_cart_form_location":"","bundle_editable_in_cart":false,"bundle_sold_individually_context":"","bundle_item_grouping":"","bundle_min_size":"","bundle_max_size":"","bundle_price":[],"bundled_items":[],"bundle_sell_ids":[],"acf":[],"jetpack_sharing_enabled":true,"_links":{"self":[{"href":"https:\/\/axkid.com\/sv\/wp-json\/wp\/v2\/product\/15633","targetHints":{"allow":["GET"]}}],"collection":[{"href":"https:\/\/axkid.com\/sv\/wp-json\/wp\/v2\/product"}],"about":[{"href":"https:\/\/axkid.com\/sv\/wp-json\/wp\/v2\/types\/product"}],"replies":[{"embeddable":true,"href":"https:\/\/axkid.com\/sv\/wp-json\/wp\/v2\/comments?post=15633"}],"wp:featuredmedia":[{"embeddable":true,"href":"https:\/\/axkid.com\/sv\/wp-json\/"}],"wp:attachment":[{"href":"https:\/\/axkid.com\/sv\/wp-json\/wp\/v2\/media?parent=15633"}],"wp:term":[{"taxonomy":"product_brand","embeddable":true,"href":"https:\/\/axkid.com\/sv\/wp-json\/wp\/v2\/product_brand?post=15633"},{"taxonomy":"product_cat","embeddable":true,"href":"https:\/\/axkid.com\/sv\/wp-json\/wp\/v2\/product_cat?post=15633"},{"taxonomy":"product_tag","embeddable":true,"href":"https:\/\/axkid.com\/sv\/wp-json\/wp\/v2\/product_tag?post=15633"}],"curies":[{"name":"wp","href":"https:\/\/api.w.org\/{rel}","templated":true}]}}