{"id":15722,"date":"2023-12-08T09:55:19","date_gmt":"2023-12-08T08:55:19","guid":{"rendered":"https:\/\/axkid.com\/?post_type=product&#038;p=15722"},"modified":"2026-05-02T15:44:09","modified_gmt":"2026-05-02T14:44:09","slug":"forankringsoglor-160-mm","status":"publish","type":"product","link":"https:\/\/axkid.com\/sv\/product\/forankringsoglor-160-mm\/","title":{"rendered":"F\u00f6rankrings\u00f6glor 160 mm"},"content":{"rendered":"<p>Axkid Attachment Loops are designed to simplify installing the rear facing car seat in your vehicle.<\/p>\n<p>Two attachment loops in each pack.<\/p>\n<p>Length 160mm.<\/p>\n<p>Other lengths exist: <a href=\"https:\/\/axkid.com\/sv\/product\/attachment-loops\/\">70 mm<\/a>\u00a0 and<a href=\"https:\/\/axkid.com\/sv\/product\/axkid-attachment-loops-120-mm\/\"> 120<\/a> mm<\/p>\n","protected":false},"excerpt":{"rendered":"<p>Axkid f\u00e4st\u00f6glor \u00e4r designade f\u00f6r att f\u00f6renkla installationen av bak\u00e5tv\u00e4nda bilbarnstolar i ditt fordon.<\/p>\n<p>Tv\u00e5 f\u00e4st\u00f6glor per f\u00f6rpackning.<br \/>\nL\u00e4ngd: 160 mm.<\/p>\n","protected":false},"featured_media":15727,"comment_status":"closed","ping_status":"closed","template":"","meta":{"_acf_changed":false,"_seopress_robots_primary_cat":"438","_seopress_titles_title":"F\u00f6rankringsband 160 mm | AXKID","_seopress_titles_desc":"Axkid Attachment Loops are designed to simplify installing the car seat in your vehicle.","_seopress_robots_index":"","content-type":"","_relevanssi_hide_post":"","_relevanssi_hide_content":"","_relevanssi_pin_for_all":"","_relevanssi_pin_keywords":"","_relevanssi_unpin_keywords":"","_relevanssi_related_keywords":"","_relevanssi_related_include_ids":"","_relevanssi_related_exclude_ids":"","_relevanssi_related_no_append":"","_relevanssi_related_not_related":"","_relevanssi_related_posts":"","_relevanssi_noindex_reason":"","editor_notices":[]},"product_brand":[],"product_cat":[438,17],"product_tag":[],"class_list":{"0":"post-15722","1":"product","2":"type-product","3":"status-publish","4":"has-post-thumbnail","6":"product_cat-forankringsband-forankringsoglor","7":"product_cat-tillbehor","9":"first","10":"instock","11":"taxable","12":"shipping-taxable","13":"purchasable","14":"product-type-simple"},"bundled_by":[],"bundle_stock_status":"instock","bundle_stock_quantity":12,"bundle_virtual":false,"bundle_layout":"","bundle_add_to_cart_form_location":"","bundle_editable_in_cart":false,"bundle_sold_individually_context":"","bundle_item_grouping":"","bundle_min_size":"","bundle_max_size":"","bundle_price":[],"bundled_items":[],"bundle_sell_ids":[],"acf":[],"jetpack_sharing_enabled":true,"_links":{"self":[{"href":"https:\/\/axkid.com\/sv\/wp-json\/wp\/v2\/product\/15722","targetHints":{"allow":["GET"]}}],"collection":[{"href":"https:\/\/axkid.com\/sv\/wp-json\/wp\/v2\/product"}],"about":[{"href":"https:\/\/axkid.com\/sv\/wp-json\/wp\/v2\/types\/product"}],"replies":[{"embeddable":true,"href":"https:\/\/axkid.com\/sv\/wp-json\/wp\/v2\/comments?post=15722"}],"wp:featuredmedia":[{"embeddable":true,"href":"https:\/\/axkid.com\/sv\/wp-json\/wp\/v2\/media\/15727"}],"wp:attachment":[{"href":"https:\/\/axkid.com\/sv\/wp-json\/wp\/v2\/media?parent=15722"}],"wp:term":[{"taxonomy":"product_brand","embeddable":true,"href":"https:\/\/axkid.com\/sv\/wp-json\/wp\/v2\/product_brand?post=15722"},{"taxonomy":"product_cat","embeddable":true,"href":"https:\/\/axkid.com\/sv\/wp-json\/wp\/v2\/product_cat?post=15722"},{"taxonomy":"product_tag","embeddable":true,"href":"https:\/\/axkid.com\/sv\/wp-json\/wp\/v2\/product_tag?post=15722"}],"curies":[{"name":"wp","href":"https:\/\/api.w.org\/{rel}","templated":true}]}}