{"id":1641,"date":"2020-06-15T09:04:23","date_gmt":"2020-06-15T08:04:23","guid":{"rendered":"https:\/\/axkid.com\/?post_type=product&#038;p=1641"},"modified":"2026-04-17T23:43:03","modified_gmt":"2026-04-17T22:43:03","slug":"overdrag-minikid-wolmax-move","status":"publish","type":"product","link":"https:\/\/axkid.com\/sv\/product\/overdrag-minikid-wolmax-move\/","title":{"rendered":"\u00d6verdrag &#8211; Minikid 1 &amp; 2, Wolmax, Move &amp; Spinkid"},"content":{"rendered":"<p>Simply attaches over your existing car seat. This cover will protect your car seat whilst keeping the heat away from the seat.<\/p>\n<p>Made in Eco-friendly material<\/p>\n<h3>User advice<\/h3>\n<p>For best results, pre-wash the\u00a0summer cover before use.<br \/>\nThe seat cover can of course be dyed\u00a0into a colour that suits your child\u2019s\u00a0playful mind.<\/p>\n<p><strong>Made from:<\/strong> 70% Bamboo, 25% Cotton, 5% Spandex<\/p>\n<h3>Fits:<\/h3>\n<ul>\n<li>Minikid 1 &amp; 2<\/li>\n<li>Move<\/li>\n<li>Wolmax<\/li>\n<li>Rekid<\/li>\n<\/ul>\n","protected":false},"excerpt":{"rendered":"<div>F\u00e4sts helt enkelt \u00f6ver din befintliga bilbarnstol. Detta \u00f6verdrag kommer att skydda din bilbarnstol samtidigt som den h\u00e5ller v\u00e4rmen borta fr\u00e5n s\u00e4tet. Tillverkad i milj\u00f6v\u00e4nligt material<\/div>\n","protected":false},"featured_media":37000002860,"comment_status":"open","ping_status":"closed","template":"","meta":{"_acf_changed":false,"_seopress_robots_primary_cat":"434","_seopress_titles_title":"","_seopress_titles_desc":"","_seopress_robots_index":"","content-type":"","_relevanssi_hide_post":"","_relevanssi_hide_content":"","_relevanssi_pin_for_all":"","_relevanssi_pin_keywords":"","_relevanssi_unpin_keywords":"","_relevanssi_related_keywords":"","_relevanssi_related_include_ids":"","_relevanssi_related_exclude_ids":"","_relevanssi_related_no_append":"","_relevanssi_related_not_related":"","_relevanssi_related_posts":"","_relevanssi_noindex_reason":"","editor_notices":[]},"product_brand":[],"product_cat":[434,412,17],"product_tag":[],"class_list":{"0":"post-1641","1":"product","2":"type-product","3":"status-publish","4":"has-post-thumbnail","6":"product_cat-kladsel-och-overdrag","7":"product_cat-outlet","8":"product_cat-tillbehor","10":"first","11":"instock","12":"sale","13":"taxable","14":"shipping-taxable","15":"purchasable","16":"product-type-simple"},"bundled_by":[],"bundle_stock_status":"instock","bundle_stock_quantity":9,"bundle_virtual":false,"bundle_layout":"","bundle_add_to_cart_form_location":"","bundle_editable_in_cart":false,"bundle_sold_individually_context":"","bundle_item_grouping":"","bundle_min_size":"","bundle_max_size":"","bundle_price":[],"bundled_items":[],"bundle_sell_ids":[],"acf":[],"jetpack_sharing_enabled":true,"_links":{"self":[{"href":"https:\/\/axkid.com\/sv\/wp-json\/wp\/v2\/product\/1641","targetHints":{"allow":["GET"]}}],"collection":[{"href":"https:\/\/axkid.com\/sv\/wp-json\/wp\/v2\/product"}],"about":[{"href":"https:\/\/axkid.com\/sv\/wp-json\/wp\/v2\/types\/product"}],"replies":[{"embeddable":true,"href":"https:\/\/axkid.com\/sv\/wp-json\/wp\/v2\/comments?post=1641"}],"wp:featuredmedia":[{"embeddable":true,"href":"https:\/\/axkid.com\/sv\/wp-json\/"}],"wp:attachment":[{"href":"https:\/\/axkid.com\/sv\/wp-json\/wp\/v2\/media?parent=1641"}],"wp:term":[{"taxonomy":"product_brand","embeddable":true,"href":"https:\/\/axkid.com\/sv\/wp-json\/wp\/v2\/product_brand?post=1641"},{"taxonomy":"product_cat","embeddable":true,"href":"https:\/\/axkid.com\/sv\/wp-json\/wp\/v2\/product_cat?post=1641"},{"taxonomy":"product_tag","embeddable":true,"href":"https:\/\/axkid.com\/sv\/wp-json\/wp\/v2\/product_tag?post=1641"}],"curies":[{"name":"wp","href":"https:\/\/api.w.org\/{rel}","templated":true}]}}