{"id":16987,"date":"2023-11-18T06:07:34","date_gmt":"2023-11-18T05:07:34","guid":{"rendered":"https:\/\/axkid.com\/?post_type=product&#038;p=16987"},"modified":"2026-01-07T19:31:47","modified_gmt":"2026-01-07T18:31:47","slug":"envirobase","status":"publish","type":"product","link":"https:\/\/axkid.com\/sv\/product\/envirobase\/","title":{"rendered":"Envirobase"},"content":{"rendered":"<p>Your all-in-one solution for safe and convenient child travel from newborn up to 4 years of age. Designed for quick ISOFIX installation and adjustable comfort, this base also incorporates BioLite material with the planet in mind.<\/p>\n<h3>This is Axkid Envirobase<\/h3>\n<p><strong>One base \u2013 two car seats:<\/strong> Works with the Axkid Envirobaby and the Axkid Envirokid to accommodate children from newborn up to 4years of age.<\/p>\n<p><strong>Quick &amp; secure ISOFIX Installation:<\/strong> The easy installation system offers a simple and secure ISOFIX-installation enabling the baby- or toddler car seat to easily be clicked into position.<\/p>\n<p><strong>Adjustable legroom:<\/strong> Choose from 6 adjustable positions for either compact installation or extended legroom, making this base ideal for all car sizes and adaptable for rear-facing travel as your child grows.<\/p>\n<p><strong>A conscious choice<\/strong> &#8211; Crafted with BioLite material that perfectly balances safety performance and sustainability our Envirobase features plant-based hemp fibres for a design that is as mindful as it is effective.<\/p>\n<h3>Let us tell you a little bit more about the Axkid Envirobase<\/h3>\n<p>The Envirobase makes car travel easy and safe from newborn to toddler years. Our ISOFIX installation is straightforward and quick, fortified with safety indicators in the form of colour cues and audible alerts to confirm a correct installation.<\/p>\n<p>Use the same Enviro Base for two different car seats, simplifying life as your child grows. The seat benefits from six adjustable legroom positions, allowing room in smaller cars where space may be limited or can offer your growing child additional legroom in a larger vehicle.<\/p>\n<p>And we&#8217;ve made it more sustainable without compromising on safety or comfort. Crafted from innovative BioLite material that combines plant-based fibres with durability, you\u2019re also taking a step towards a more sustainable future for the planet.<\/p>\n<p><a href=\"https:\/\/axkid.com\/sv\/safety\/introducing-the-future-of-family-travel\/\"><em>Read more about the material chosen and the steps towards more sustainable and conscious products \u00bb<\/em><\/a><\/p>\n","protected":false},"excerpt":{"rendered":"<p>ISOFIX-bas f\u00f6r Envirokid och Envirobaby som \u00e4r enkel att installera och som m\u00f6jligg\u00f6r smidiga \u00f6verg\u00e5ngar mellan bilar och Enviro-stolar med ett klick. Justerbart benutrymme f\u00f6r optimal komfort och s\u00e4kerhet. Tillverkad av h\u00e5llbart och slitstarkt BioLite-material.<\/p>\n","protected":false},"featured_media":16927,"comment_status":"open","ping_status":"closed","template":"","meta":{"_acf_changed":false,"_seopress_robots_primary_cat":"17","_seopress_titles_title":"Envirobase | Enviro | Axkid","_seopress_titles_desc":"ISOFIX-bas f\u00f6r Envirokid och Envirobaby som \u00e4r enkel att installera och som m\u00f6jligg\u00f6r smidiga \u00f6verg\u00e5ngar mellan bilar och Enviro-stolar med ett klick.","_seopress_robots_index":"","_seopress_analysis_target_kw":"","content-type":"","_relevanssi_hide_post":"","_relevanssi_hide_content":"","_relevanssi_pin_for_all":"","_relevanssi_pin_keywords":"","_relevanssi_unpin_keywords":"","_relevanssi_related_keywords":"","_relevanssi_related_include_ids":"","_relevanssi_related_exclude_ids":"","_relevanssi_related_no_append":"","_relevanssi_related_not_related":"","_relevanssi_related_posts":"","_relevanssi_noindex_reason":"","editor_notices":[]},"product_brand":[],"product_cat":[412,17],"product_tag":[],"class_list":{"0":"post-16987","1":"product","2":"type-product","3":"status-publish","4":"has-post-thumbnail","6":"product_cat-outlet","7":"product_cat-tillbehor","9":"first","10":"outofstock","11":"taxable","12":"shipping-taxable","13":"purchasable","14":"product-type-simple"},"bundled_by":["17025","1299370"],"bundle_stock_status":"outofstock","bundle_stock_quantity":0,"bundle_virtual":false,"bundle_layout":"","bundle_add_to_cart_form_location":"","bundle_editable_in_cart":false,"bundle_sold_individually_context":"","bundle_item_grouping":"","bundle_min_size":"","bundle_max_size":"","bundle_price":[],"bundled_items":[],"bundle_sell_ids":[],"acf":[],"jetpack_sharing_enabled":true,"_links":{"self":[{"href":"https:\/\/axkid.com\/sv\/wp-json\/wp\/v2\/product\/16987","targetHints":{"allow":["GET"]}}],"collection":[{"href":"https:\/\/axkid.com\/sv\/wp-json\/wp\/v2\/product"}],"about":[{"href":"https:\/\/axkid.com\/sv\/wp-json\/wp\/v2\/types\/product"}],"replies":[{"embeddable":true,"href":"https:\/\/axkid.com\/sv\/wp-json\/wp\/v2\/comments?post=16987"}],"wp:featuredmedia":[{"embeddable":true,"href":"https:\/\/axkid.com\/sv\/wp-json\/wp\/v2\/media\/16927"}],"wp:attachment":[{"href":"https:\/\/axkid.com\/sv\/wp-json\/wp\/v2\/media?parent=16987"}],"wp:term":[{"taxonomy":"product_brand","embeddable":true,"href":"https:\/\/axkid.com\/sv\/wp-json\/wp\/v2\/product_brand?post=16987"},{"taxonomy":"product_cat","embeddable":true,"href":"https:\/\/axkid.com\/sv\/wp-json\/wp\/v2\/product_cat?post=16987"},{"taxonomy":"product_tag","embeddable":true,"href":"https:\/\/axkid.com\/sv\/wp-json\/wp\/v2\/product_tag?post=16987"}],"curies":[{"name":"wp","href":"https:\/\/api.w.org\/{rel}","templated":true}]}}