{"id":20239,"date":"2024-03-15T14:55:54","date_gmt":"2024-03-15T13:55:54","guid":{"rendered":"https:\/\/axkid.com\/?post_type=product&#038;p=20239"},"modified":"2026-05-03T09:43:43","modified_gmt":"2026-05-03T08:43:43","slug":"nextkid-mugghallare","status":"publish","type":"product","link":"https:\/\/axkid.com\/sv\/product\/nextkid-mugghallare\/","title":{"rendered":"Nextkid Muggh\u00e5llare"},"content":{"rendered":"<p>Enhance your Nextkid car seat with the Nextkid cup holder, the perfect accessory for keeping your child&#8217;s drink within easy reach on every journey. The durable cup holder attaches seamlessly to either the right-hand or left-hand side of the belt routing handles of the Nexktid car seat. Whether it\u2019s water, juice, or a snack cup, this holder keeps everything steady and spill-free and makes every trip more joyable for your little one.<\/p>\n","protected":false},"excerpt":{"rendered":"<p>F\u00f6rb\u00e4ttra din Nextkid bilbarnstol med Nextkid muggh\u00e5llare, den perfekta tillbeh\u00f6ret f\u00f6r att h\u00e5lla ditt barns dryck inom r\u00e4ckh\u00e5ll under varje resa.<\/p>\n","protected":false},"featured_media":20235,"comment_status":"closed","ping_status":"closed","template":"","meta":{"_acf_changed":false,"_seopress_robots_primary_cat":"17","_seopress_titles_title":"Nextkid Muggh\u00e5llare | AXKID","_seopress_titles_desc":"Muggh\u00e5llare f\u00f6r Nextkid b\u00e4ltesstol. H\u00e5ller drycker och snacks n\u00e4ra till hands f\u00f6r ditt barn.","_seopress_robots_index":"","content-type":"","_relevanssi_hide_post":"","_relevanssi_hide_content":"","_relevanssi_pin_for_all":"","_relevanssi_pin_keywords":"","_relevanssi_unpin_keywords":"","_relevanssi_related_keywords":"","_relevanssi_related_include_ids":"","_relevanssi_related_exclude_ids":"","_relevanssi_related_no_append":"","_relevanssi_related_not_related":"","_relevanssi_related_posts":"","_relevanssi_noindex_reason":"","editor_notices":[]},"product_brand":[],"product_cat":[17],"product_tag":[],"class_list":{"0":"post-20239","1":"product","2":"type-product","3":"status-publish","4":"has-post-thumbnail","6":"product_cat-tillbehor","8":"first","9":"instock","10":"taxable","11":"shipping-taxable","12":"purchasable","13":"product-type-simple"},"bundled_by":["1307774","1312202","1312205"],"bundle_stock_status":"instock","bundle_stock_quantity":50,"bundle_virtual":false,"bundle_layout":"","bundle_add_to_cart_form_location":"","bundle_editable_in_cart":false,"bundle_sold_individually_context":"","bundle_item_grouping":"","bundle_min_size":"","bundle_max_size":"","bundle_price":[],"bundled_items":[],"bundle_sell_ids":[],"acf":[],"jetpack_sharing_enabled":true,"_links":{"self":[{"href":"https:\/\/axkid.com\/sv\/wp-json\/wp\/v2\/product\/20239","targetHints":{"allow":["GET"]}}],"collection":[{"href":"https:\/\/axkid.com\/sv\/wp-json\/wp\/v2\/product"}],"about":[{"href":"https:\/\/axkid.com\/sv\/wp-json\/wp\/v2\/types\/product"}],"replies":[{"embeddable":true,"href":"https:\/\/axkid.com\/sv\/wp-json\/wp\/v2\/comments?post=20239"}],"wp:featuredmedia":[{"embeddable":true,"href":"https:\/\/axkid.com\/sv\/wp-json\/wp\/v2\/media\/20235"}],"wp:attachment":[{"href":"https:\/\/axkid.com\/sv\/wp-json\/wp\/v2\/media?parent=20239"}],"wp:term":[{"taxonomy":"product_brand","embeddable":true,"href":"https:\/\/axkid.com\/sv\/wp-json\/wp\/v2\/product_brand?post=20239"},{"taxonomy":"product_cat","embeddable":true,"href":"https:\/\/axkid.com\/sv\/wp-json\/wp\/v2\/product_cat?post=20239"},{"taxonomy":"product_tag","embeddable":true,"href":"https:\/\/axkid.com\/sv\/wp-json\/wp\/v2\/product_tag?post=20239"}],"curies":[{"name":"wp","href":"https:\/\/api.w.org\/{rel}","templated":true}]}}