{"id":338201,"date":"2026-02-10T07:12:12","date_gmt":"2026-02-10T06:12:12","guid":{"rendered":"https:\/\/axkid.com\/sv\/?post_type=product&#038;p=338201"},"modified":"2026-05-14T13:29:28","modified_gmt":"2026-05-14T12:29:28","slug":"one-3","status":"publish","type":"product","link":"https:\/\/axkid.com\/sv\/product\/one-3\/","title":{"rendered":"ONE 3"},"content":{"rendered":"","protected":false},"excerpt":{"rendered":"<p>Axkid One 3 \u00e4r en av de f\u00e5 Plus Test-godk\u00e4nda ISOFIX-bilbarnstolarna p\u00e5 marknaden som till\u00e5ter s\u00e4kert bak\u00e5tv\u00e4nt \u00e5kande upp till 7 \u00e5r (61\u2013125 cm och 23 kg). Med installation p\u00e5 mindre \u00e4n 30 sekunder och en innovativ konstruktion som v\u00e4ger endast 10 kg, erbjuder One 3 b\u00e5de flexibilitet och trygghet f\u00f6r aktiva familjer. Den smarta designen g\u00f6r det enkelt att anv\u00e4nda stolen i olika bilmodeller, och det justerbara benutrymmet s\u00e4kerst\u00e4ller h\u00f6g komfort under hela anv\u00e4ndningstiden.<\/p>\n","protected":false},"featured_media":3700000853083,"comment_status":"open","ping_status":"closed","template":"","meta":{"_acf_changed":false,"_seopress_robots_primary_cat":"none","_seopress_titles_title":"Axkid One 3 | S\u00e4kerhet & komfort | Barn upp till 7 \u00e5r | Axkid","_seopress_titles_desc":"Axkid One 3 \u00e4r en prisbel\u00f6nt bak\u00e5tv\u00e4nd bilbarnstol som erbjuder h\u00f6gsta s\u00e4kerhet och komfort upp till 7 \u00e5r. En trygg och smidig l\u00f6sning f\u00f6r ditt barn.","_seopress_robots_index":"","_seopress_analysis_target_kw":"","content-type":"","_relevanssi_hide_post":"","_relevanssi_hide_content":"","_relevanssi_pin_for_all":"","_relevanssi_pin_keywords":"","_relevanssi_unpin_keywords":"","_relevanssi_related_keywords":"","_relevanssi_related_include_ids":"","_relevanssi_related_exclude_ids":"","_relevanssi_related_no_append":"","_relevanssi_related_not_related":"","_relevanssi_related_posts":"","_relevanssi_noindex_reason":"","editor_notices":[]},"product_brand":[],"product_cat":[18,80,613],"product_tag":[],"class_list":{"0":"post-338201","1":"product","2":"type-product","3":"status-publish","4":"has-post-thumbnail","6":"product_cat-bilbarnstolar","7":"product_cat-bakatvanda-bilbarnstolar","8":"product_cat-campaigns","10":"first","11":"instock","12":"sale","13":"taxable","14":"shipping-taxable","15":"purchasable","16":"product-type-variable","17":"has-default-attributes"},"bundled_by":["1307504"],"bundle_stock_status":"instock","bundle_stock_quantity":null,"bundle_virtual":false,"bundle_layout":"","bundle_add_to_cart_form_location":"","bundle_editable_in_cart":false,"bundle_sold_individually_context":"","bundle_item_grouping":"","bundle_min_size":"","bundle_max_size":"","bundle_price":[],"bundled_items":[],"bundle_sell_ids":[],"acf":[],"jetpack_sharing_enabled":true,"_links":{"self":[{"href":"https:\/\/axkid.com\/sv\/wp-json\/wp\/v2\/product\/338201","targetHints":{"allow":["GET"]}}],"collection":[{"href":"https:\/\/axkid.com\/sv\/wp-json\/wp\/v2\/product"}],"about":[{"href":"https:\/\/axkid.com\/sv\/wp-json\/wp\/v2\/types\/product"}],"replies":[{"embeddable":true,"href":"https:\/\/axkid.com\/sv\/wp-json\/wp\/v2\/comments?post=338201"}],"wp:featuredmedia":[{"embeddable":true,"href":"https:\/\/axkid.com\/sv\/wp-json\/"}],"wp:attachment":[{"href":"https:\/\/axkid.com\/sv\/wp-json\/wp\/v2\/media?parent=338201"}],"wp:term":[{"taxonomy":"product_brand","embeddable":true,"href":"https:\/\/axkid.com\/sv\/wp-json\/wp\/v2\/product_brand?post=338201"},{"taxonomy":"product_cat","embeddable":true,"href":"https:\/\/axkid.com\/sv\/wp-json\/wp\/v2\/product_cat?post=338201"},{"taxonomy":"product_tag","embeddable":true,"href":"https:\/\/axkid.com\/sv\/wp-json\/wp\/v2\/product_tag?post=338201"}],"curies":[{"name":"wp","href":"https:\/\/api.w.org\/{rel}","templated":true}]}}