{"id":340391,"date":"2026-02-09T08:32:23","date_gmt":"2026-02-09T07:32:23","guid":{"rendered":"https:\/\/axkid.com\/sv\/?post_type=product&#038;p=340391"},"modified":"2026-04-15T14:57:33","modified_gmt":"2026-04-15T13:57:33","slug":"one-plus-3","status":"publish","type":"product","link":"https:\/\/axkid.com\/sv\/product\/one-plus-3\/","title":{"rendered":"ONE+ 3"},"content":{"rendered":"","protected":false},"excerpt":{"rendered":"<p>Axkid One+ 3 \u00e4r den enda Plusgodk\u00e4nda ISOFIX-bilstolen p\u00e5 marknaden som m\u00f6jligg\u00f6r bak\u00e5tv\u00e4nt \u00e5kande fr\u00e5n nyf\u00f6dd upp till 7 \u00e5r (motsvarande 125 cm\/23 kg). Med ett mjukt sp\u00e4dbarnsinl\u00e4gg fr\u00e5n 40 cm och gener\u00f6st benutrymme, erbjuder Axkid One+ 3 en trygg och bekv\u00e4m resa redan fr\u00e5n barnets f\u00f6rsta dagar. Med sin genomt\u00e4nkta konstruktion och fokus p\u00e5 anv\u00e4ndarv\u00e4nlighet har den snabbt blivit ett sj\u00e4lvklart val f\u00f6r f\u00f6r\u00e4ldrar som s\u00f6ker en trygg, bekv\u00e4m och flexibel bilbarnstol.<\/p>\n","protected":false},"featured_media":3700000853103,"comment_status":"open","ping_status":"closed","template":"","meta":{"_acf_changed":false,"_seopress_robots_primary_cat":"80","_seopress_titles_title":"Axkid One+ 3 | Bak\u00e5tv\u00e4nd ISOFIX-bilstol upp till 7 \u00e5r | Axkid","_seopress_titles_desc":"Axkid One+ 3 \u00e4r den enda Plus Test-godk\u00e4nda ISOFIX-bilstolen f\u00f6r barn 0 till 7 \u00e5r. Med sp\u00e4dbarnsinl\u00e4gg och enkel montering p\u00e5 30 sekunder.","_seopress_robots_index":"","content-type":"","_relevanssi_hide_post":"","_relevanssi_hide_content":"","_relevanssi_pin_for_all":"","_relevanssi_pin_keywords":"","_relevanssi_unpin_keywords":"","_relevanssi_related_keywords":"","_relevanssi_related_include_ids":"","_relevanssi_related_exclude_ids":"","_relevanssi_related_no_append":"","_relevanssi_related_not_related":"","_relevanssi_related_posts":"","_relevanssi_noindex_reason":"","editor_notices":[]},"product_brand":[],"product_cat":[18,79,80],"product_tag":[],"class_list":{"0":"post-340391","1":"product","2":"type-product","3":"status-publish","4":"has-post-thumbnail","6":"product_cat-bilbarnstolar","7":"product_cat-babyskydd","8":"product_cat-bakatvanda-bilbarnstolar","10":"first","11":"instock","12":"taxable","13":"shipping-taxable","14":"purchasable","15":"product-type-variable","16":"has-default-attributes"},"bundled_by":["1307779"],"bundle_stock_status":"instock","bundle_stock_quantity":null,"bundle_virtual":false,"bundle_layout":"","bundle_add_to_cart_form_location":"","bundle_editable_in_cart":false,"bundle_sold_individually_context":"","bundle_item_grouping":"","bundle_min_size":"","bundle_max_size":"","bundle_price":[],"bundled_items":[],"bundle_sell_ids":[],"acf":[],"jetpack_sharing_enabled":true,"_links":{"self":[{"href":"https:\/\/axkid.com\/sv\/wp-json\/wp\/v2\/product\/340391","targetHints":{"allow":["GET"]}}],"collection":[{"href":"https:\/\/axkid.com\/sv\/wp-json\/wp\/v2\/product"}],"about":[{"href":"https:\/\/axkid.com\/sv\/wp-json\/wp\/v2\/types\/product"}],"replies":[{"embeddable":true,"href":"https:\/\/axkid.com\/sv\/wp-json\/wp\/v2\/comments?post=340391"}],"wp:featuredmedia":[{"embeddable":true,"href":"https:\/\/axkid.com\/sv\/wp-json\/"}],"wp:attachment":[{"href":"https:\/\/axkid.com\/sv\/wp-json\/wp\/v2\/media?parent=340391"}],"wp:term":[{"taxonomy":"product_brand","embeddable":true,"href":"https:\/\/axkid.com\/sv\/wp-json\/wp\/v2\/product_brand?post=340391"},{"taxonomy":"product_cat","embeddable":true,"href":"https:\/\/axkid.com\/sv\/wp-json\/wp\/v2\/product_cat?post=340391"},{"taxonomy":"product_tag","embeddable":true,"href":"https:\/\/axkid.com\/sv\/wp-json\/wp\/v2\/product_tag?post=340391"}],"curies":[{"name":"wp","href":"https:\/\/api.w.org\/{rel}","templated":true}]}}