{"id":750,"date":"2019-09-21T08:48:41","date_gmt":"2019-09-21T07:48:41","guid":{"rendered":"\/?post_type=product&#038;p=750"},"modified":"2026-05-04T19:31:13","modified_gmt":"2026-05-04T18:31:13","slug":"sparkskydd-och-forvaring","status":"publish","type":"product","link":"https:\/\/axkid.com\/sv\/product\/sparkskydd-och-forvaring\/","title":{"rendered":"Sparkskydd och f\u00f6rvaring"},"content":{"rendered":"<p>Backseat organizer with Ipad holder and several storage compartments. Stores and organizes car essentials. Different sized pockets hold large and small items.\u00a0Mounted on the back of the front seat. Fits with all cars, mounted with two straps.<\/p>\n","protected":false},"excerpt":{"rendered":"<p>iPad-h\u00e5llare och flera fickor i olika storlekar f\u00f6r stora och sm\u00e5 f\u00f6rem\u00e5l. Monteras p\u00e5 baksidan av frams\u00e4tet. Passar alla bilar och monteras med tv\u00e5 remmar.<\/p>\n","protected":false},"featured_media":832,"comment_status":"open","ping_status":"closed","template":"","meta":{"_acf_changed":false,"_seopress_robots_primary_cat":"436","_seopress_titles_title":"Sparkskydd med f\u00f6rvaring | Accessoarer | AXKID","_seopress_titles_desc":"Ipad holder and several different sized pockets for large and small items. Mounted on the back of the front seat. Fits with all cars, mounted with two straps","_seopress_robots_index":"","content-type":"","_relevanssi_hide_post":"","_relevanssi_hide_content":"","_relevanssi_pin_for_all":"","_relevanssi_pin_keywords":"","_relevanssi_unpin_keywords":"","_relevanssi_related_keywords":"","_relevanssi_related_include_ids":"","_relevanssi_related_exclude_ids":"","_relevanssi_related_no_append":"","_relevanssi_related_not_related":"","_relevanssi_related_posts":"","_relevanssi_noindex_reason":"","editor_notices":[]},"product_brand":[],"product_cat":[412,436,17],"product_tag":[94],"class_list":{"0":"post-750","1":"product","2":"type-product","3":"status-publish","4":"has-post-thumbnail","6":"product_cat-outlet","7":"product_cat-satesskydd-forvaring","8":"product_cat-tillbehor","9":"product_tag-accessories-comfort-and-protection","11":"first","12":"instock","13":"sale","14":"taxable","15":"shipping-taxable","16":"purchasable","17":"product-type-simple"},"bundled_by":["1307774"],"bundle_stock_status":"instock","bundle_stock_quantity":25,"bundle_virtual":false,"bundle_layout":"","bundle_add_to_cart_form_location":"","bundle_editable_in_cart":false,"bundle_sold_individually_context":"","bundle_item_grouping":"","bundle_min_size":"","bundle_max_size":"","bundle_price":[],"bundled_items":[],"bundle_sell_ids":[],"acf":[],"jetpack_sharing_enabled":true,"_links":{"self":[{"href":"https:\/\/axkid.com\/sv\/wp-json\/wp\/v2\/product\/750","targetHints":{"allow":["GET"]}}],"collection":[{"href":"https:\/\/axkid.com\/sv\/wp-json\/wp\/v2\/product"}],"about":[{"href":"https:\/\/axkid.com\/sv\/wp-json\/wp\/v2\/types\/product"}],"replies":[{"embeddable":true,"href":"https:\/\/axkid.com\/sv\/wp-json\/wp\/v2\/comments?post=750"}],"wp:featuredmedia":[{"embeddable":true,"href":"https:\/\/axkid.com\/sv\/wp-json\/wp\/v2\/media\/832"}],"wp:attachment":[{"href":"https:\/\/axkid.com\/sv\/wp-json\/wp\/v2\/media?parent=750"}],"wp:term":[{"taxonomy":"product_brand","embeddable":true,"href":"https:\/\/axkid.com\/sv\/wp-json\/wp\/v2\/product_brand?post=750"},{"taxonomy":"product_cat","embeddable":true,"href":"https:\/\/axkid.com\/sv\/wp-json\/wp\/v2\/product_cat?post=750"},{"taxonomy":"product_tag","embeddable":true,"href":"https:\/\/axkid.com\/sv\/wp-json\/wp\/v2\/product_tag?post=750"}],"curies":[{"name":"wp","href":"https:\/\/api.w.org\/{rel}","templated":true}]}}