{"id":788,"date":"2019-08-23T12:53:52","date_gmt":"2019-08-23T11:53:52","guid":{"rendered":"\/?post_type=product&#038;p=788"},"modified":"2026-05-13T17:20:11","modified_gmt":"2026-05-13T16:20:11","slug":"move-forankringsband","status":"publish","type":"product","link":"https:\/\/axkid.com\/sv\/product\/move-forankringsband\/","title":{"rendered":"F\u00f6rankringsband"},"content":{"rendered":"<p>Straps for rear-facing installation of\u00a0<a href=\"https:\/\/axkid.com\/sv\/product\/axkid-move\/\">Axkid Move<\/a> and Axkid Wolmax. Two in each pack.<\/p>\n","protected":false},"excerpt":{"rendered":"<p>F\u00f6rankringsband f\u00f6r bak\u00e5tv\u00e4nd installation. Kan k\u00f6pas som ett extra set f\u00f6r en andra bil f\u00f6r att g\u00f6ra \u00f6verg\u00e5ngen fr\u00e5n bil till bil mycket snabbare och enklare, eller som ett ers\u00e4ttningsset. 2 band per f\u00f6rpackning. Passar Move,Movekid.Wolmax &amp; Minikid 4 Pro.<\/p>\n","protected":false},"featured_media":858,"comment_status":"open","ping_status":"closed","template":"","meta":{"_acf_changed":false,"_seopress_robots_primary_cat":"438","_seopress_titles_title":"Move f\u00f6rankringsband | Accessoarer | AXKID","_seopress_titles_desc":"Straps for rear-facing installation of\u00a0Move. Two in each pack.","_seopress_robots_index":"","_seopress_analysis_target_kw":"","content-type":"","_relevanssi_hide_post":"","_relevanssi_hide_content":"","_relevanssi_pin_for_all":"","_relevanssi_pin_keywords":"","_relevanssi_unpin_keywords":"","_relevanssi_related_keywords":"","_relevanssi_related_include_ids":"","_relevanssi_related_exclude_ids":"","_relevanssi_related_no_append":"","_relevanssi_related_not_related":"","_relevanssi_related_posts":"","_relevanssi_noindex_reason":"","editor_notices":[]},"product_brand":[],"product_cat":[438,17],"product_tag":[63],"class_list":{"0":"post-788","1":"product","2":"type-product","3":"status-publish","4":"has-post-thumbnail","6":"product_cat-forankringsband-forankringsoglor","7":"product_cat-tillbehor","8":"product_tag-installation-accessories","10":"first","11":"instock","12":"taxable","13":"shipping-taxable","14":"purchasable","15":"product-type-simple"},"bundled_by":[],"bundle_stock_status":"instock","bundle_stock_quantity":14,"bundle_virtual":false,"bundle_layout":"","bundle_add_to_cart_form_location":"","bundle_editable_in_cart":false,"bundle_sold_individually_context":"","bundle_item_grouping":"","bundle_min_size":"","bundle_max_size":"","bundle_price":[],"bundled_items":[],"bundle_sell_ids":[],"acf":[],"jetpack_sharing_enabled":true,"_links":{"self":[{"href":"https:\/\/axkid.com\/sv\/wp-json\/wp\/v2\/product\/788","targetHints":{"allow":["GET"]}}],"collection":[{"href":"https:\/\/axkid.com\/sv\/wp-json\/wp\/v2\/product"}],"about":[{"href":"https:\/\/axkid.com\/sv\/wp-json\/wp\/v2\/types\/product"}],"replies":[{"embeddable":true,"href":"https:\/\/axkid.com\/sv\/wp-json\/wp\/v2\/comments?post=788"}],"wp:featuredmedia":[{"embeddable":true,"href":"https:\/\/axkid.com\/sv\/wp-json\/wp\/v2\/media\/858"}],"wp:attachment":[{"href":"https:\/\/axkid.com\/sv\/wp-json\/wp\/v2\/media?parent=788"}],"wp:term":[{"taxonomy":"product_brand","embeddable":true,"href":"https:\/\/axkid.com\/sv\/wp-json\/wp\/v2\/product_brand?post=788"},{"taxonomy":"product_cat","embeddable":true,"href":"https:\/\/axkid.com\/sv\/wp-json\/wp\/v2\/product_cat?post=788"},{"taxonomy":"product_tag","embeddable":true,"href":"https:\/\/axkid.com\/sv\/wp-json\/wp\/v2\/product_tag?post=788"}],"curies":[{"name":"wp","href":"https:\/\/api.w.org\/{rel}","templated":true}]}}