{"id":819,"date":"2019-09-24T14:12:48","date_gmt":"2019-09-24T13:12:48","guid":{"rendered":"\/?post_type=product&#038;p=819"},"modified":"2026-04-15T14:59:53","modified_gmt":"2026-04-15T13:59:53","slug":"solskydd-for-fonster","status":"publish","type":"product","link":"https:\/\/axkid.com\/sv\/product\/solskydd-for-fonster\/","title":{"rendered":"Solskydd f\u00f6r f\u00f6nster"},"content":{"rendered":"<section class=\"product-info-holder carousel-holder\">\n<div class=\"product-about\">\n<div class=\"product-info pull-left\">\n<p>Axkids sunshade are perfect to shade your child during the car ride when the sun shines. The sunshades has an Axkids log and comes two pieces in each package. You attach the sunshade with their suction plugs on the window. The sunshades are also collapsible to minimize space after you have taken them down from the window.<\/p>\n<\/div>\n<\/div>\n<\/section>\n","protected":false},"excerpt":{"rendered":"<p>Axkids solskydd \u00e4r idealiska f\u00f6r att skydda ditt barn mot solen under bilresan. Solskydden har Axkids logotyp och levereras med tv\u00e5 stycken i varje f\u00f6rpackning.<\/p>\n","protected":false},"featured_media":824,"comment_status":"open","ping_status":"closed","template":"","meta":{"_acf_changed":false,"_seopress_robots_primary_cat":"437","_seopress_titles_title":"Solskkydd | Accessoarer | AXKID","_seopress_titles_desc":"Perfekt f\u00f6r att skugga ditt barn under bilresan n\u00e4r solen skiner. Tv\u00e5 stycken i varje f\u00f6rpackning. Du f\u00e4ster solskyddet med sugpropparna p\u00e5 f\u00f6nstret.","_seopress_robots_index":"","content-type":"","_relevanssi_hide_post":"","_relevanssi_hide_content":"","_relevanssi_pin_for_all":"","_relevanssi_pin_keywords":"","_relevanssi_unpin_keywords":"","_relevanssi_related_keywords":"","_relevanssi_related_include_ids":"","_relevanssi_related_exclude_ids":"","_relevanssi_related_no_append":"","_relevanssi_related_not_related":"","_relevanssi_related_posts":"","_relevanssi_noindex_reason":"","editor_notices":[]},"product_brand":[],"product_cat":[412,437,17],"product_tag":[94],"class_list":{"0":"post-819","1":"product","2":"type-product","3":"status-publish","4":"has-post-thumbnail","6":"product_cat-outlet","7":"product_cat-solskydd","8":"product_cat-tillbehor","9":"product_tag-accessories-comfort-and-protection","11":"first","12":"instock","13":"sale","14":"taxable","15":"shipping-taxable","16":"purchasable","17":"product-type-simple"},"bundled_by":["2695"],"bundle_stock_status":"instock","bundle_stock_quantity":76,"bundle_virtual":false,"bundle_layout":"","bundle_add_to_cart_form_location":"","bundle_editable_in_cart":false,"bundle_sold_individually_context":"","bundle_item_grouping":"","bundle_min_size":"","bundle_max_size":"","bundle_price":[],"bundled_items":[],"bundle_sell_ids":[],"acf":[],"jetpack_sharing_enabled":true,"_links":{"self":[{"href":"https:\/\/axkid.com\/sv\/wp-json\/wp\/v2\/product\/819","targetHints":{"allow":["GET"]}}],"collection":[{"href":"https:\/\/axkid.com\/sv\/wp-json\/wp\/v2\/product"}],"about":[{"href":"https:\/\/axkid.com\/sv\/wp-json\/wp\/v2\/types\/product"}],"replies":[{"embeddable":true,"href":"https:\/\/axkid.com\/sv\/wp-json\/wp\/v2\/comments?post=819"}],"wp:featuredmedia":[{"embeddable":true,"href":"https:\/\/axkid.com\/sv\/wp-json\/wp\/v2\/media\/824"}],"wp:attachment":[{"href":"https:\/\/axkid.com\/sv\/wp-json\/wp\/v2\/media?parent=819"}],"wp:term":[{"taxonomy":"product_brand","embeddable":true,"href":"https:\/\/axkid.com\/sv\/wp-json\/wp\/v2\/product_brand?post=819"},{"taxonomy":"product_cat","embeddable":true,"href":"https:\/\/axkid.com\/sv\/wp-json\/wp\/v2\/product_cat?post=819"},{"taxonomy":"product_tag","embeddable":true,"href":"https:\/\/axkid.com\/sv\/wp-json\/wp\/v2\/product_tag?post=819"}],"curies":[{"name":"wp","href":"https:\/\/api.w.org\/{rel}","templated":true}]}}