{"id":833,"date":"2019-08-24T14:37:39","date_gmt":"2019-08-24T13:37:39","guid":{"rendered":"\/?post_type=product&#038;p=833"},"modified":"2026-04-14T21:52:56","modified_gmt":"2026-04-14T20:52:56","slug":"baby-on-board-skylt","status":"publish","type":"product","link":"https:\/\/axkid.com\/sv\/product\/baby-on-board-skylt\/","title":{"rendered":"Baby on board sign"},"content":{"rendered":"<section class=\"product-info-holder carousel-holder\">\n<div class=\"product-about\">\n<div class=\"product-info pull-left\">\n<p>Axkids baby\u00a0on board-sign is designed to\u00a0inform and show your fellow\u00a0motorists that you have children in your car.\u00a0You can easily\u00a0and smoothly mount the sign, with the help of\u00a0the suction cup, on the inside of the car\u2019s rear window.<\/p>\n<\/div>\n<\/div>\n<\/section>\n","protected":false},"excerpt":{"rendered":"<p>&#8221;Baby-on-board&#8221;-skylt \u00e4r designad f\u00f6r att informera och visa dina medtrafikanter att du har barn i bilen. Du kan enkelt och smidigt montera skylten med hj\u00e4lp av sugkoppen p\u00e5 insidan av bilens bakruta.<\/p>\n","protected":false},"featured_media":838,"comment_status":"open","ping_status":"closed","template":"","meta":{"_acf_changed":false,"_seopress_robots_primary_cat":"17","_seopress_titles_title":"Baby on Board Skylt | Accessoarer | AXKID","_seopress_titles_desc":"\"Baby-on-board\"-skylt \u00e4r designad f\u00f6r att informera och visa dina medtrafikanter att du har barn i bilen.","_seopress_robots_index":"","content-type":"","_relevanssi_hide_post":"","_relevanssi_hide_content":"","_relevanssi_pin_for_all":"","_relevanssi_pin_keywords":"","_relevanssi_unpin_keywords":"","_relevanssi_related_keywords":"","_relevanssi_related_include_ids":"","_relevanssi_related_exclude_ids":"","_relevanssi_related_no_append":"","_relevanssi_related_not_related":"","_relevanssi_related_posts":"","_relevanssi_noindex_reason":"","editor_notices":[]},"product_brand":[],"product_cat":[17],"product_tag":[94],"class_list":{"0":"post-833","1":"product","2":"type-product","3":"status-publish","4":"has-post-thumbnail","6":"product_cat-tillbehor","7":"product_tag-accessories-comfort-and-protection","9":"first","10":"instock","11":"taxable","12":"shipping-taxable","13":"purchasable","14":"product-type-simple"},"bundled_by":[],"bundle_stock_status":"instock","bundle_stock_quantity":101,"bundle_virtual":false,"bundle_layout":"","bundle_add_to_cart_form_location":"","bundle_editable_in_cart":false,"bundle_sold_individually_context":"","bundle_item_grouping":"","bundle_min_size":"","bundle_max_size":"","bundle_price":[],"bundled_items":[],"bundle_sell_ids":[],"acf":[],"jetpack_sharing_enabled":true,"_links":{"self":[{"href":"https:\/\/axkid.com\/sv\/wp-json\/wp\/v2\/product\/833","targetHints":{"allow":["GET"]}}],"collection":[{"href":"https:\/\/axkid.com\/sv\/wp-json\/wp\/v2\/product"}],"about":[{"href":"https:\/\/axkid.com\/sv\/wp-json\/wp\/v2\/types\/product"}],"replies":[{"embeddable":true,"href":"https:\/\/axkid.com\/sv\/wp-json\/wp\/v2\/comments?post=833"}],"wp:featuredmedia":[{"embeddable":true,"href":"https:\/\/axkid.com\/sv\/wp-json\/wp\/v2\/media\/838"}],"wp:attachment":[{"href":"https:\/\/axkid.com\/sv\/wp-json\/wp\/v2\/media?parent=833"}],"wp:term":[{"taxonomy":"product_brand","embeddable":true,"href":"https:\/\/axkid.com\/sv\/wp-json\/wp\/v2\/product_brand?post=833"},{"taxonomy":"product_cat","embeddable":true,"href":"https:\/\/axkid.com\/sv\/wp-json\/wp\/v2\/product_cat?post=833"},{"taxonomy":"product_tag","embeddable":true,"href":"https:\/\/axkid.com\/sv\/wp-json\/wp\/v2\/product_tag?post=833"}],"curies":[{"name":"wp","href":"https:\/\/api.w.org\/{rel}","templated":true}]}}