{"id":878,"date":"2019-08-25T05:36:28","date_gmt":"2019-08-25T04:36:28","guid":{"rendered":"\/?post_type=product&#038;p=878"},"modified":"2026-04-20T05:36:57","modified_gmt":"2026-04-20T04:36:57","slug":"forlangning-av-stodben","status":"publish","type":"product","link":"https:\/\/axkid.com\/sv\/product\/forlangning-av-stodben\/","title":{"rendered":"F\u00f6rl\u00e4ngning av st\u00f6dben"},"content":{"rendered":"<p>The Support Leg Extension allows you to extend the support leg and it fits the <a href=\"https:\/\/axkid.com\/sv\/uk\/product\/axkid-move\/\">Axkid Move<\/a> and the <a href=\"https:\/\/axkid.com\/sv\/product\/axkid-minikid\/\">Axkid Minikid 2<\/a><\/p>\n","protected":false},"excerpt":{"rendered":"<p><a>The Support Leg Extension allows you to extend the support leg and it fits the <\/a><a href=\"https:\/\/axkid.com\/sv\/uk\/product\/axkid-move\/\">Axkid Move<\/a><a> and the <\/a><a href=\"https:\/\/axkid.com\/sv\/product\/axkid-minikid\/\">Axkid Minikid 2<\/a><\/p>\n","protected":false},"featured_media":2877,"comment_status":"open","ping_status":"closed","template":"","meta":{"_acf_changed":false,"_seopress_robots_primary_cat":"17","_seopress_titles_title":"Axkid Support Leg Extenstion | Car seat accessory | Axkid","_seopress_titles_desc":"The leg extension allows you to extend the support leg of Axkid Move and Axkid Minikid in to the footwell or reach the base of under floor storage boxes.","_seopress_robots_index":"","content-type":"","_relevanssi_hide_post":"","_relevanssi_hide_content":"","_relevanssi_pin_for_all":"","_relevanssi_pin_keywords":"","_relevanssi_unpin_keywords":"","_relevanssi_related_keywords":"","_relevanssi_related_include_ids":"","_relevanssi_related_exclude_ids":"","_relevanssi_related_no_append":"","_relevanssi_related_not_related":"","_relevanssi_related_posts":"","_relevanssi_noindex_reason":"","editor_notices":[]},"product_brand":[],"product_cat":[412,17],"product_tag":[63],"class_list":{"0":"post-878","1":"product","2":"type-product","3":"status-publish","4":"has-post-thumbnail","6":"product_cat-outlet","7":"product_cat-tillbehor","8":"product_tag-installation-accessories","10":"first","11":"instock","12":"sale","13":"taxable","14":"shipping-taxable","15":"purchasable","16":"product-type-simple"},"bundled_by":[],"bundle_stock_status":"instock","bundle_stock_quantity":9,"bundle_virtual":false,"bundle_layout":"","bundle_add_to_cart_form_location":"","bundle_editable_in_cart":false,"bundle_sold_individually_context":"","bundle_item_grouping":"","bundle_min_size":"","bundle_max_size":"","bundle_price":[],"bundled_items":[],"bundle_sell_ids":[],"acf":[],"jetpack_sharing_enabled":true,"_links":{"self":[{"href":"https:\/\/axkid.com\/sv\/wp-json\/wp\/v2\/product\/878","targetHints":{"allow":["GET"]}}],"collection":[{"href":"https:\/\/axkid.com\/sv\/wp-json\/wp\/v2\/product"}],"about":[{"href":"https:\/\/axkid.com\/sv\/wp-json\/wp\/v2\/types\/product"}],"replies":[{"embeddable":true,"href":"https:\/\/axkid.com\/sv\/wp-json\/wp\/v2\/comments?post=878"}],"wp:featuredmedia":[{"embeddable":true,"href":"https:\/\/axkid.com\/sv\/wp-json\/wp\/v2\/media\/2877"}],"wp:attachment":[{"href":"https:\/\/axkid.com\/sv\/wp-json\/wp\/v2\/media?parent=878"}],"wp:term":[{"taxonomy":"product_brand","embeddable":true,"href":"https:\/\/axkid.com\/sv\/wp-json\/wp\/v2\/product_brand?post=878"},{"taxonomy":"product_cat","embeddable":true,"href":"https:\/\/axkid.com\/sv\/wp-json\/wp\/v2\/product_cat?post=878"},{"taxonomy":"product_tag","embeddable":true,"href":"https:\/\/axkid.com\/sv\/wp-json\/wp\/v2\/product_tag?post=878"}],"curies":[{"name":"wp","href":"https:\/\/api.w.org\/{rel}","templated":true}]}}